{"id":44465,"date":"2026-03-19T14:54:47","date_gmt":"2026-03-19T14:54:47","guid":{"rendered":"https:\/\/chutt.fr\/index.php\/mot-de-passe-oublie\/"},"modified":"2026-03-19T14:54:47","modified_gmt":"2026-03-19T14:54:47","slug":"mot-de-passe-oublie","status":"publish","type":"page","link":"https:\/\/chutt.fr\/index.php\/mot-de-passe-oublie\/","title":{"rendered":"Mot de passe oubli\u00e9"},"content":{"rendered":"<p>[et_pb_section admin_label=\u00a0\u00bbsection\u00a0\u00bb]<br \/>\n[et_pb_row admin_label=\u00a0\u00bbrow\u00a0\u00bb]<br \/>\n[et_pb_column type=\u00a0\u00bb4_4&Prime;]<br \/>\n[et_pb_text admin_label=\u00a0\u00bbMot de passe oubli\u00e9\u00a0\u00bb]<\/p>\n<div style=\"max-width:500px;margin:40px auto;text-align:center;padding:40px;background:#fff;border-radius:16px;box-shadow:0 2px 12px rgba(0,0,0,0.06);\">\n<h2 style=\"color:#2d6a4f;margin-bottom:20px;\">Mot de passe oubli\u00e9 ?<\/h2>\n<p style=\"color:#555;font-size:1.05em;line-height:1.8;\">Par mesure de s\u00e9curit\u00e9, envoyez nous un mail \u00e0 <a href=\"mailto:sas_avp@yahoo.com\" style=\"color:#2d6a4f;font-weight:700;\">sas_avp@yahoo.com<\/a> pour la r\u00e9initialisation de votre mot de passe.<\/p>\n<\/div>\n<p>[\/et_pb_text]<br \/>\n[\/et_pb_column]<br \/>\n[\/et_pb_row]<br \/>\n[\/et_pb_section]<\/p>\n","protected":false},"excerpt":{"rendered":"<p>[et_pb_section admin_label=\u00a0\u00bbsection\u00a0\u00bb] [et_pb_row admin_label=\u00a0\u00bbrow\u00a0\u00bb] [et_pb_column type=\u00a0\u00bb4_4&Prime;] [et_pb_text admin_label=\u00a0\u00bbMot de passe oubli\u00e9\u00a0\u00bb] Mot de passe oubli\u00e9 ? Par mesure de s\u00e9curit\u00e9, envoyez nous un mail \u00e0 sas_avp@yahoo.com pour la r\u00e9initialisation de votre mot de passe. [\/et_pb_text] [\/et_pb_column] [\/et_pb_row] [\/et_pb_section]<\/p>\n","protected":false},"author":0,"featured_media":0,"parent":0,"menu_order":0,"comment_status":"closed","ping_status":"closed","template":"","meta":{"_et_pb_use_builder":"","_et_pb_old_content":"","_et_gb_content_width":"","footnotes":""},"class_list":["post-44465","page","type-page","status-publish","hentry"],"yoast_head":"<!-- This site is optimized with the Yoast SEO plugin v19.6.1 - https:\/\/yoast.com\/wordpress\/plugins\/seo\/ -->\n<title>Mot de passe oubli\u00e9 -<\/title>\n<meta name=\"robots\" content=\"index, follow, max-snippet:-1, max-image-preview:large, max-video-preview:-1\" \/>\n<link rel=\"canonical\" href=\"https:\/\/chutt.fr\/index.php\/mot-de-passe-oublie\/\" \/>\n<meta property=\"og:locale\" content=\"fr_FR\" \/>\n<meta property=\"og:type\" content=\"article\" \/>\n<meta property=\"og:title\" content=\"Mot de passe oubli\u00e9 -\" \/>\n<meta property=\"og:description\" content=\"[et_pb_section admin_label=\u00a0\u00bbsection\u00a0\u00bb] [et_pb_row admin_label=\u00a0\u00bbrow\u00a0\u00bb] [et_pb_column type=\u00a0\u00bb4_4&Prime;] [et_pb_text admin_label=\u00a0\u00bbMot de passe oubli\u00e9\u00a0\u00bb] Mot de passe oubli\u00e9 ? Par mesure de s\u00e9curit\u00e9, envoyez nous un mail \u00e0 sas_avp@yahoo.com pour la r\u00e9initialisation de votre mot de passe. [\/et_pb_text] [\/et_pb_column] [\/et_pb_row] [\/et_pb_section]\" \/>\n<meta property=\"og:url\" content=\"https:\/\/chutt.fr\/index.php\/mot-de-passe-oublie\/\" \/>\n<meta name=\"twitter:card\" content=\"summary_large_image\" \/>\n<script type=\"application\/ld+json\" class=\"yoast-schema-graph\">{\"@context\":\"https:\/\/schema.org\",\"@graph\":[{\"@type\":\"WebPage\",\"@id\":\"https:\/\/chutt.fr\/index.php\/mot-de-passe-oublie\/\",\"url\":\"https:\/\/chutt.fr\/index.php\/mot-de-passe-oublie\/\",\"name\":\"Mot de passe oubli\u00e9 -\",\"isPartOf\":{\"@id\":\"https:\/\/chutt.fr\/#website\"},\"datePublished\":\"2026-03-19T14:54:47+00:00\",\"dateModified\":\"2026-03-19T14:54:47+00:00\",\"breadcrumb\":{\"@id\":\"https:\/\/chutt.fr\/index.php\/mot-de-passe-oublie\/#breadcrumb\"},\"inLanguage\":\"fr-FR\",\"potentialAction\":[{\"@type\":\"ReadAction\",\"target\":[\"https:\/\/chutt.fr\/index.php\/mot-de-passe-oublie\/\"]}]},{\"@type\":\"BreadcrumbList\",\"@id\":\"https:\/\/chutt.fr\/index.php\/mot-de-passe-oublie\/#breadcrumb\",\"itemListElement\":[{\"@type\":\"ListItem\",\"position\":1,\"name\":\"Accueil\",\"item\":\"https:\/\/chutt.fr\/\"},{\"@type\":\"ListItem\",\"position\":2,\"name\":\"Mot de passe oubli\u00e9\"}]},{\"@type\":\"WebSite\",\"@id\":\"https:\/\/chutt.fr\/#website\",\"url\":\"https:\/\/chutt.fr\/\",\"name\":\"\",\"description\":\"\",\"potentialAction\":[{\"@type\":\"SearchAction\",\"target\":{\"@type\":\"EntryPoint\",\"urlTemplate\":\"https:\/\/chutt.fr\/?s={search_term_string}\"},\"query-input\":\"required name=search_term_string\"}],\"inLanguage\":\"fr-FR\"}]}<\/script>\n<!-- \/ Yoast SEO plugin. -->","yoast_head_json":{"title":"Mot de passe oubli\u00e9 -","robots":{"index":"index","follow":"follow","max-snippet":"max-snippet:-1","max-image-preview":"max-image-preview:large","max-video-preview":"max-video-preview:-1"},"canonical":"https:\/\/chutt.fr\/index.php\/mot-de-passe-oublie\/","og_locale":"fr_FR","og_type":"article","og_title":"Mot de passe oubli\u00e9 -","og_description":"[et_pb_section admin_label=\u00a0\u00bbsection\u00a0\u00bb] [et_pb_row admin_label=\u00a0\u00bbrow\u00a0\u00bb] [et_pb_column type=\u00a0\u00bb4_4&Prime;] [et_pb_text admin_label=\u00a0\u00bbMot de passe oubli\u00e9\u00a0\u00bb] Mot de passe oubli\u00e9 ? Par mesure de s\u00e9curit\u00e9, envoyez nous un mail \u00e0 sas_avp@yahoo.com pour la r\u00e9initialisation de votre mot de passe. [\/et_pb_text] [\/et_pb_column] [\/et_pb_row] [\/et_pb_section]","og_url":"https:\/\/chutt.fr\/index.php\/mot-de-passe-oublie\/","twitter_card":"summary_large_image","schema":{"@context":"https:\/\/schema.org","@graph":[{"@type":"WebPage","@id":"https:\/\/chutt.fr\/index.php\/mot-de-passe-oublie\/","url":"https:\/\/chutt.fr\/index.php\/mot-de-passe-oublie\/","name":"Mot de passe oubli\u00e9 -","isPartOf":{"@id":"https:\/\/chutt.fr\/#website"},"datePublished":"2026-03-19T14:54:47+00:00","dateModified":"2026-03-19T14:54:47+00:00","breadcrumb":{"@id":"https:\/\/chutt.fr\/index.php\/mot-de-passe-oublie\/#breadcrumb"},"inLanguage":"fr-FR","potentialAction":[{"@type":"ReadAction","target":["https:\/\/chutt.fr\/index.php\/mot-de-passe-oublie\/"]}]},{"@type":"BreadcrumbList","@id":"https:\/\/chutt.fr\/index.php\/mot-de-passe-oublie\/#breadcrumb","itemListElement":[{"@type":"ListItem","position":1,"name":"Accueil","item":"https:\/\/chutt.fr\/"},{"@type":"ListItem","position":2,"name":"Mot de passe oubli\u00e9"}]},{"@type":"WebSite","@id":"https:\/\/chutt.fr\/#website","url":"https:\/\/chutt.fr\/","name":"","description":"","potentialAction":[{"@type":"SearchAction","target":{"@type":"EntryPoint","urlTemplate":"https:\/\/chutt.fr\/?s={search_term_string}"},"query-input":"required name=search_term_string"}],"inLanguage":"fr-FR"}]}},"post_mailing_queue_ids":[],"_links":{"self":[{"href":"https:\/\/chutt.fr\/index.php\/wp-json\/wp\/v2\/pages\/44465","targetHints":{"allow":["GET"]}}],"collection":[{"href":"https:\/\/chutt.fr\/index.php\/wp-json\/wp\/v2\/pages"}],"about":[{"href":"https:\/\/chutt.fr\/index.php\/wp-json\/wp\/v2\/types\/page"}],"replies":[{"embeddable":true,"href":"https:\/\/chutt.fr\/index.php\/wp-json\/wp\/v2\/comments?post=44465"}],"version-history":[{"count":0,"href":"https:\/\/chutt.fr\/index.php\/wp-json\/wp\/v2\/pages\/44465\/revisions"}],"wp:attachment":[{"href":"https:\/\/chutt.fr\/index.php\/wp-json\/wp\/v2\/media?parent=44465"}],"curies":[{"name":"wp","href":"https:\/\/api.w.org\/{rel}","templated":true}]}}