{"id":18,"date":"2015-08-15T15:10:29","date_gmt":"2015-08-15T14:10:29","guid":{"rendered":"http:\/\/localhost\/pronostics-turf\/?page_id=18"},"modified":"2020-11-07T04:54:11","modified_gmt":"2020-11-07T03:54:11","slug":"arrivees-et-rapports","status":"publish","type":"page","link":"https:\/\/chutt.fr\/index.php\/arrivees-et-rapports\/","title":{"rendered":"Arriv\u00e9es et rapports"},"content":{"rendered":"<p>[et_pb_section fb_built=\u00a0\u00bb1&Prime; _builder_version=\u00a0\u00bb3.22&Prime; custom_padding=\u00a0\u00bb0px|||\u00a0\u00bb][et_pb_row _builder_version=\u00a0\u00bb3.25&Prime;][et_pb_column type=\u00a0\u00bb4_4&Prime; _builder_version=\u00a0\u00bb3.25&Prime; custom_padding=\u00a0\u00bb|||\u00a0\u00bb custom_padding__hover=\u00a0\u00bb|||\u00a0\u00bb][et_pb_text _builder_version=\u00a0\u00bb3.27.4&Prime;]<\/p>\n<h1>Rapports<\/h1>\n<p>[\/et_pb_text][\/et_pb_column][\/et_pb_row][et_pb_row _builder_version=\u00a0\u00bb3.25&Prime; background_size=\u00a0\u00bbinitial\u00a0\u00bb background_position=\u00a0\u00bbtop_left\u00a0\u00bb background_repeat=\u00a0\u00bbrepeat\u00a0\u00bb column_structure=\u00a0\u00bb3_4,1_4&Prime;][et_pb_column type=\u00a0\u00bb3_4&Prime; _builder_version=\u00a0\u00bb3.25&Prime; custom_padding=\u00a0\u00bb|||\u00a0\u00bb custom_padding__hover=\u00a0\u00bb|||\u00a0\u00bb][et_pb_text admin_label=\u00a0\u00bbtableau\u00a0\u00bb _builder_version=\u00a0\u00bb3.27.4&Prime; saved_tabs=\u00a0\u00bball\u00a0\u00bb]<\/p>\n<div id=\"main\" >\r\n<div class=\"wrapper-date\">\r\n<div class=\"tags\">\r\n\r\n<form method=\"get\" action=\"https:\/\/chutt.fr\/index.php\/wp-json\/wp\/v2\/pages\/18\"><input type=\"hidden\" name=\"date\" value=\"29_04_2026\"><input type=\"submit\" class=\"btn btn-info\" value=\"Hier\" \/><\/form>\r\n\r\n<form method=\"get\" action=\"https:\/\/chutt.fr\/index.php\/wp-json\/wp\/v2\/pages\/18\"><input type=\"hidden\" name=\"date\" value=\"30_04_2026\"><input type=\"submit\" class=\"btn btn-info\" value=\"Aujourd'hui\" \/><\/form>\r\n\r\n<form method=\"get\" action=\"https:\/\/chutt.fr\/index.php\/wp-json\/wp\/v2\/pages\/18\"><input type=\"hidden\" name=\"date\" value=\"01_05_2026\"><input type=\"submit\" class=\"btn btn-info\" value=\"Demain\" \/><\/form>\r\n\r\n<\/div>\r\n\r\n\r\n\r\n\t\t\t\t\t\t<script>\r\n\t  jQuery(function() {\r\n\t\t function tomorrow() {\r\n\t\t\tvar result = new Date();\r\n\t\t\tresult.setDate(result.getDate() + 1);\r\n\t\t\treturn result;\r\n\t\t}\r\n\t\tjQuery( \"#datepicker\" ).datepicker({\r\n\t\t\taltField: \"#datepicker\",\r\n\t\t\tcloseText: 'Fermer',\r\n\t\t\tprevText: 'Pr\u00e9c\u00e9dent',\r\n\t\t\tnextText: 'Suivant',\r\n\t\t\tcurrentText: 'Aujourd\\'hui',\r\n\t\t\tmonthNames: ['Janvier', 'F\u00e9vrier', 'Mars', 'Avril', 'Mai', 'Juin', 'Juillet', 'Ao\u00fbt', 'Septembre', 'Octobre', 'Novembre', 'D\u00e9cembre'],\r\n\t\t\tmonthNamesShort: ['Janv.', 'F\u00e9vr.', 'Mars', 'Avril', 'Mai', 'Juin', 'Juil.', 'Ao\u00fbt', 'Sept.', 'Oct.', 'Nov.', 'D\u00e9c.'],\r\n\t\t\tdayNames: ['Dimanche', 'Lundi', 'Mardi', 'Mercredi', 'Jeudi', 'Vendredi', 'Samedi'],\r\n\t\t\tdayNamesShort: ['Dim.', 'Lun.', 'Mar.', 'Mer.', 'Jeu.', 'Ven.', 'Sam.'],\r\n\t\t\tdayNamesMin: ['D', 'L', 'M', 'M', 'J', 'V', 'S'],\r\n\t\t\tweekHeader: 'Sem.',\r\n\t\t\tdateFormat: 'dd_mm_yy',\r\n\t\t\tonSelect: function(dateText) {\r\n\t\t\t\twindow.location.href = \"?date=\"+dateText;\r\n\t\t\t},\r\n\t\t\tmaxDate: tomorrow(), minDate: new Date(2015, 10, 24)\r\n\t\t\t});\r\n\t  });\r\n\t<\/script>\r\n\r\n<input type=\"text\" name=\"date\" id=\"datepicker\" value=\"30 Avril 2026\"\/>\r\n<\/div>\r\n\r\n<div class=\"info-course-rapports\">\r\n<div class=\"reunions\">\r\n\t<a class=\"selected\" href=\"?date=30_04_2026&reunion=1&course=1\"><b>R1<\/b><\/a> <a  href=\"?date=30_04_2026&reunion=2&course=1\">R2<\/a> <a  href=\"?date=30_04_2026&reunion=3&course=1\">R3<\/a> <a  href=\"?date=30_04_2026&reunion=4&course=1\">R4<\/a> <a  href=\"?date=30_04_2026&reunion=5&course=1\">R5<\/a> <\/div>\r\n<div class=\"courses\">\r\n\t<a class=\"selected\" href=\"?date=30_04_2026&reunion=1&course=1\"><b>C1<\/b><\/a> <a  href=\"?date=30_04_2026&reunion=1&course=2\">C2<\/a> <a  href=\"?date=30_04_2026&reunion=1&course=3\">C3<\/a> <a  href=\"?date=30_04_2026&reunion=1&course=4\">C4<\/a> <a  href=\"?date=30_04_2026&reunion=1&course=5\">C5<\/a> <a  href=\"?date=30_04_2026&reunion=1&course=6\">C6<\/a> <a  href=\"?date=30_04_2026&reunion=1&course=7\">C7<\/a> <a  href=\"?date=30_04_2026&reunion=1&course=8\">C8<\/a> <\/div>\r\n<\/div>\r\n\r\n\t\r\n\t<!--breadcrumb-->\r\n\r\n\t\t<div style=\"width: 100%\">\r\n\t\t\t<h1 class=\"headline\">30\/04\/2026 - R1C1 - PRIX DE VIROFLAY - PARISLONGCHAMP<\/h1>\r\n\t\t<\/div>\r\n\t\t<div style=\"width: 100%\">\r\n\t\t\t<div style=\"float: left\"><\/div>\r\n\t\t\t<div style=\"float: right;\"> \r\n\t\t\t\t\t\t<\/div>\r\n\t\t<\/div>\r\n\t\t<div>\r\n\t\t<br \/>\r\n\t\t\t\t<b>Date : 30\/04\/2026<\/b><br \/><br \/>\r\n\t\t\t\t<i>D\u00e9tail : Pour poulains entiers et hongres de 3 ans n'ayant jamais gagn\u00e9. Poids : 58 k Les poulains n'ayant jamais couru recevront 2 kg. Moyenne Piste.<\/i><br \/><br \/>\r\n    <b>Les arriv\u00e9es et rapports d\u00e9finitifs ne sont pas encore connus pour cette course.<\/b><br \/><br \/>\r\n    <script>\r\njQuery(document).ready(function() {\r\n\tjQuery.extend( jQuery.fn.dataTableExt.oSort, {\t\r\n\t\t\"cheval-order-pre\": function (a) {\r\n\t\t\tnumbers_match = a.match(\/\\d+\/g);\r\n\t\t\tif (numbers_match != null) {\r\n\t\t\t\tnumbers = numbers_match.map(Number);\r\n\t\t\t\tif (numbers.length > 0)\r\n\t\t\t\t\treturn numbers[0];\r\n\t\t\t}\r\n\t\t\treturn 99;\r\n\t\t},\r\n\t \r\n\t\r\n\t\t\"cheval-order-asc\": function ( a, b ) {\r\n\t\t\treturn a < b;\r\n\t\t},\r\n\t \r\n\t\t\"cheval-order-desc\": function ( a, b ) {\r\n\t\t\treturn a > b;\r\n\t\t}\r\n\t} );\r\n    jQuery('#rapports_partants').DataTable( {\r\n\t\tresponsive: true,\r\n        \"language\": {\r\n            \"url\": \"\/\/cdn.datatables.net\/plug-ins\/9dcbecd42ad\/i18n\/French.json\"\r\n        },\r\n\t\t\t\t \"lengthChange\":\tfalse,\r\n\t\t \"searching\": \t\tfalse,\r\n\t\t \"info\":\t\t\tfalse,\r\n\t\t \"paging\":\t\t\tfalse\r\n    } );\r\n} );\r\n<\/script>\r\n\t\t\t<h2 class=\"headline\">Partants<\/h2>\r\n\t\t    <table id=\"rapports_partants\" class=\"table table-striped table-bordered\" cellspacing=\"0\" width=\"100%\">\r\n        <thead>\r\n        <tr>\r\n            \t\t\t\t                <th>Num<\/th>\r\n                <th>Nom<\/th>\r\n                <th>Jockey<\/th>\r\n                <th>Musique<\/th>\r\n                        <\/tr>\r\n        <\/thead>\r\n\r\n        <tbody>\r\n        <tr><td><b>1<\/b><\/td><td><b><span class=\"partantsClick\" data-cid=\"348843\">Shalazi<\/span><\/b><\/td><td>M.barzalona<\/td><td><span class=\"partantsClick\" data-cid=\"348843\">3p(25)2p<\/span><\/td><\/tr><tr><td><b>2<\/b><\/td><td><b><span class=\"partantsClick\" data-cid=\"357353\">The Odyssey<\/span><\/b><\/td><td>C.lecoeuvre<\/td><td><span class=\"partantsClick\" data-cid=\"357353\">7p<\/span><\/td><\/tr><tr><td><b>3<\/b><\/td><td><b><span class=\"partantsClick\" data-cid=\"358216\">Roman Boy<\/span><\/b><\/td><td>E.corallo<\/td><td><span class=\"partantsClick\" data-cid=\"358216\">8p<\/span><\/td><\/tr><tr><td><b>4<\/b><\/td><td><b><span class=\"partantsClick\" data-cid=\"356822\">Triple Sept<\/span><\/b><\/td><td>M.grandin<\/td><td><span class=\"partantsClick\" data-cid=\"356822\">9p<\/span><\/td><\/tr><tr><td><b>5<\/b><\/td><td><b><span class=\"partantsClick\" data-cid=\"357357\">Masaro<\/span><\/b><\/td><td>A.madamet<\/td><td><span class=\"partantsClick\" data-cid=\"357357\">2p<\/span><\/td><\/tr><tr><td><b>6<\/b><\/td><td><b><span class=\"partantsClick\" data-cid=\"349071\">Zarland<\/span><\/b><\/td><td>T.bachelot<\/td><td><span class=\"partantsClick\" data-cid=\"349071\">5p3p(25)3p<\/span><\/td><\/tr><tr><td><b>7<\/b><\/td><td><b><span class=\"partantsClick\" data-cid=\"344702\">Roi De La Liberte<\/span><\/b><\/td><td>A.pouchin<\/td><td><span class=\"partantsClick\" data-cid=\"344702\">4p(25)2p2p<\/span><\/td><\/tr><tr><td><b>8<\/b><\/td><td><b><span class=\"partantsClick\" data-cid=\"358218\">Noble Memory<\/span><\/b><\/td><td>C.demuro<\/td><td><span class=\"partantsClick\" data-cid=\"358218\">7p<\/span><\/td><\/tr><tr><td><b>9<\/b><\/td><td><b><span class=\"partantsClick\" data-cid=\"357358\">Makan<\/span><\/b><\/td><td>C.soumillon<\/td><td><span class=\"partantsClick\" data-cid=\"357358\">3p<\/span><\/td><\/tr>        <\/tbody>\r\n\r\n    <\/table>\r\n\r\n        <ul class=\"paginate pag3 clearfix\" style=\"left: 0%\">\t\t\t<div class=\"rapports\">\r\n\t\t\t\t<\/div>\t\r\n\t<\/div>\r\n<\/div>\n<div>\n<\/div>\n<p>[\/et_pb_text][\/et_pb_column][et_pb_column type=\u00a0\u00bb1_4&Prime; _builder_version=\u00a0\u00bb3.25&Prime; custom_padding=\u00a0\u00bb|||\u00a0\u00bb custom_padding__hover=\u00a0\u00bb|||\u00a0\u00bb][et_pb_text admin_label=\u00a0\u00bbpub1&Prime; _builder_version=\u00a0\u00bb4.4.5&Prime; hover_enabled=\u00a0\u00bb0&Prime; global_module=\u00a0\u00bb43724&Prime; saved_tabs=\u00a0\u00bball\u00a0\u00bb][\/et_pb_text][et_pb_text admin_label=\u00a0\u00bbpub2&Prime; _builder_version=\u00a0\u00bb4.4.5&Prime; hover_enabled=\u00a0\u00bb0&Prime; global_module=\u00a0\u00bb43727&Prime; saved_tabs=\u00a0\u00bball\u00a0\u00bb][\/et_pb_text][et_pb_text admin_label=\u00a0\u00bbpub3&Prime; _builder_version=\u00a0\u00bb4.4.5&Prime; hover_enabled=\u00a0\u00bb0&Prime; global_module=\u00a0\u00bb43728&Prime; saved_tabs=\u00a0\u00bball\u00a0\u00bb][\/et_pb_text][\/et_pb_column][\/et_pb_row][et_pb_row _builder_version=\u00a0\u00bb3.25&Prime; background_size=\u00a0\u00bbinitial\u00a0\u00bb background_position=\u00a0\u00bbtop_left\u00a0\u00bb background_repeat=\u00a0\u00bbrepeat\u00a0\u00bb][et_pb_column type=\u00a0\u00bb4_4&Prime; _builder_version=\u00a0\u00bb3.25&Prime; custom_padding=\u00a0\u00bb|||\u00a0\u00bb custom_padding__hover=\u00a0\u00bb|||\u00a0\u00bb][et_pb_text admin_label=\u00a0\u00bbSEO Texte\u00a0\u00bb _builder_version=\u00a0\u00bb3.27.4&Prime;]<\/p>\n<p>Les rapports des courses PMU sont indiqu\u00e9s \u00e0 titre indicatif, il convient de v\u00e9rifier sur le site officiel du PMU. Nous avons d\u00e9cid\u00e9 de n&rsquo;indiquer que les rapports de l&rsquo;op\u00e9rateur historique en France, il existe d&rsquo;autres op\u00e9rateurs de prises de paris, si vous jouez chez eux il vous suffit de consulter vos rapports. <strong>L&rsquo;important \u00e9tant d&rsquo;avoir le bon pronostic pour gagner.<\/strong><\/p>\n<p>[\/et_pb_text][\/et_pb_column][\/et_pb_row][et_pb_row column_structure=\u00a0\u00bb1_5,1_5,1_5,1_5,1_5&Prime; _builder_version=\u00a0\u00bb3.20.2&Prime; global_module=\u00a0\u00bb43721&Prime;][et_pb_column type=\u00a0\u00bb1_5&Prime; _builder_version=\u00a0\u00bb3.25&Prime; custom_padding=\u00a0\u00bb|||\u00a0\u00bb custom_padding__hover=\u00a0\u00bb|||\u00a0\u00bb][et_pb_text admin_label=\u00a0\u00bbpub\u00a0\u00bb _builder_version=\u00a0\u00bb4.4.5&Prime; hover_enabled=\u00a0\u00bb0&Prime;][\/et_pb_text][\/et_pb_column][et_pb_column type=\u00a0\u00bb1_5&Prime; _builder_version=\u00a0\u00bb3.25&Prime; custom_padding=\u00a0\u00bb|||\u00a0\u00bb custom_padding__hover=\u00a0\u00bb|||\u00a0\u00bb][et_pb_text admin_label=\u00a0\u00bbpub\u00a0\u00bb _builder_version=\u00a0\u00bb4.4.5&Prime; hover_enabled=\u00a0\u00bb0&Prime;][\/et_pb_text][\/et_pb_column][et_pb_column type=\u00a0\u00bb1_5&Prime; _builder_version=\u00a0\u00bb3.25&Prime; custom_padding=\u00a0\u00bb|||\u00a0\u00bb custom_padding__hover=\u00a0\u00bb|||\u00a0\u00bb][et_pb_text admin_label=\u00a0\u00bbpub\u00a0\u00bb _builder_version=\u00a0\u00bb4.4.5&Prime; hover_enabled=\u00a0\u00bb0&Prime;][\/et_pb_text][\/et_pb_column][et_pb_column type=\u00a0\u00bb1_5&Prime; _builder_version=\u00a0\u00bb3.25&Prime; custom_padding=\u00a0\u00bb|||\u00a0\u00bb custom_padding__hover=\u00a0\u00bb|||\u00a0\u00bb][et_pb_text admin_label=\u00a0\u00bbpub\u00a0\u00bb _builder_version=\u00a0\u00bb4.4.5&Prime; hover_enabled=\u00a0\u00bb0&Prime;][\/et_pb_text][\/et_pb_column][et_pb_column type=\u00a0\u00bb1_5&Prime; _builder_version=\u00a0\u00bb3.25&Prime; custom_padding=\u00a0\u00bb|||\u00a0\u00bb custom_padding__hover=\u00a0\u00bb|||\u00a0\u00bb][et_pb_text admin_label=\u00a0\u00bbpub\u00a0\u00bb _builder_version=\u00a0\u00bb4.4.5&Prime; hover_enabled=\u00a0\u00bb0&Prime;][\/et_pb_text][\/et_pb_column][\/et_pb_row][\/et_pb_section]<\/p>\n","protected":false},"excerpt":{"rendered":"<p>Rapports <div id=\"main\" >\r\n<div class=\"wrapper-date\">\r\n<div class=\"tags\">\r\n\r\n<form method=\"get\" action=\"https:\/\/chutt.fr\/index.php\/wp-json\/wp\/v2\/pages\/18\"><input type=\"hidden\" name=\"date\" value=\"29_04_2026\"><input type=\"submit\" class=\"btn btn-info\" value=\"Hier\" \/><\/form>\r\n\r\n<form method=\"get\" action=\"https:\/\/chutt.fr\/index.php\/wp-json\/wp\/v2\/pages\/18\"><input type=\"hidden\" name=\"date\" value=\"30_04_2026\"><input type=\"submit\" class=\"btn btn-info\" value=\"Aujourd'hui\" \/><\/form>\r\n\r\n<form method=\"get\" action=\"https:\/\/chutt.fr\/index.php\/wp-json\/wp\/v2\/pages\/18\"><input type=\"hidden\" name=\"date\" value=\"01_05_2026\"><input type=\"submit\" class=\"btn btn-info\" value=\"Demain\" \/><\/form>\r\n\r\n<\/div>\r\n\r\n\r\n\r\n\t\t\t\t\t\t<script>\r\n\t  jQuery(function() {\r\n\t\t function tomorrow() {\r\n\t\t\tvar result = new Date();\r\n\t\t\tresult.setDate(result.getDate() + 1);\r\n\t\t\treturn result;\r\n\t\t}\r\n\t\tjQuery( \"#datepicker\" ).datepicker({\r\n\t\t\taltField: \"#datepicker\",\r\n\t\t\tcloseText: 'Fermer',\r\n\t\t\tprevText: 'Pr\u00e9c\u00e9dent',\r\n\t\t\tnextText: 'Suivant',\r\n\t\t\tcurrentText: 'Aujourd\\'hui',\r\n\t\t\tmonthNames: ['Janvier', 'F\u00e9vrier', 'Mars', 'Avril', 'Mai', 'Juin', 'Juillet', 'Ao\u00fbt', 'Septembre', 'Octobre', 'Novembre', 'D\u00e9cembre'],\r\n\t\t\tmonthNamesShort: ['Janv.', 'F\u00e9vr.', 'Mars', 'Avril', 'Mai', 'Juin', 'Juil.', 'Ao\u00fbt', 'Sept.', 'Oct.', 'Nov.', 'D\u00e9c.'],\r\n\t\t\tdayNames: ['Dimanche', 'Lundi', 'Mardi', 'Mercredi', 'Jeudi', 'Vendredi', 'Samedi'],\r\n\t\t\tdayNamesShort: ['Dim.', 'Lun.', 'Mar.', 'Mer.', 'Jeu.', 'Ven.', 'Sam.'],\r\n\t\t\tdayNamesMin: ['D', 'L', 'M', 'M', 'J', 'V', 'S'],\r\n\t\t\tweekHeader: 'Sem.',\r\n\t\t\tdateFormat: 'dd_mm_yy',\r\n\t\t\tonSelect: function(dateText) {\r\n\t\t\t\twindow.location.href = \"?date=\"+dateText;\r\n\t\t\t},\r\n\t\t\tmaxDate: tomorrow(), minDate: new Date(2015, 10, 24)\r\n\t\t\t});\r\n\t  });\r\n\t<\/script>\r\n\r\n<input type=\"text\" name=\"date\" id=\"datepicker\" value=\"30 Avril 2026\"\/>\r\n<\/div>\r\n\r\n<div class=\"info-course-rapports\">\r\n<div class=\"reunions\">\r\n\t<a class=\"selected\" href=\"?date=30_04_2026&reunion=1&course=1\"><b>R1<\/b><\/a> <a  href=\"?date=30_04_2026&reunion=2&course=1\">R2<\/a> <a  href=\"?date=30_04_2026&reunion=3&course=1\">R3<\/a> <a  href=\"?date=30_04_2026&reunion=4&course=1\">R4<\/a> <a  href=\"?date=30_04_2026&reunion=5&course=1\">R5<\/a> <\/div>\r\n<div class=\"courses\">\r\n\t<a class=\"selected\" href=\"?date=30_04_2026&reunion=1&course=1\"><b>C1<\/b><\/a> <a  href=\"?date=30_04_2026&reunion=1&course=2\">C2<\/a> <a  href=\"?date=30_04_2026&reunion=1&course=3\">C3<\/a> <a  href=\"?date=30_04_2026&reunion=1&course=4\">C4<\/a> <a  href=\"?date=30_04_2026&reunion=1&course=5\">C5<\/a> <a  href=\"?date=30_04_2026&reunion=1&course=6\">C6<\/a> <a  href=\"?date=30_04_2026&reunion=1&course=7\">C7<\/a> <a  href=\"?date=30_04_2026&reunion=1&course=8\">C8<\/a> <\/div>\r\n<\/div>\r\n\r\n\t\r\n\t<!--breadcrumb-->\r\n\r\n\t\t<div style=\"width: 100%\">\r\n\t\t\t<h1 class=\"headline\">30\/04\/2026 - R1C1 - PRIX DE VIROFLAY - PARISLONGCHAMP<\/h1>\r\n\t\t<\/div>\r\n\t\t<div style=\"width: 100%\">\r\n\t\t\t<div style=\"float: left\"><\/div>\r\n\t\t\t<div style=\"float: right;\"> \r\n\t\t\t\t\t\t<\/div>\r\n\t\t<\/div>\r\n\t\t<div>\r\n\t\t<br \/>\r\n\t\t\t\t<b>Date : 30\/04\/2026<\/b><br \/><br \/>\r\n\t\t\t\t<i>D\u00e9tail : Pour poulains entiers et hongres de 3 ans n'ayant jamais gagn\u00e9. Poids : 58 k Les poulains n'ayant jamais couru recevront 2 kg. Moyenne Piste.<\/i><br \/><br \/>\r\n    <b>Les arriv\u00e9es et rapports d\u00e9finitifs ne sont pas encore connus pour cette course.<\/b><br \/><br \/>\r\n    <script>\r\njQuery(document).ready(function() {\r\n\tjQuery.extend( jQuery.fn.dataTableExt.oSort, {\t\r\n\t\t\"cheval-order-pre\": function (a) {\r\n\t\t\tnumbers_match = a.match(\/\\d+\/g);\r\n\t\t\tif (numbers_match != null) {\r\n\t\t\t\tnumbers = numbers_match.map(Number);\r\n\t\t\t\tif (numbers.length > 0)\r\n\t\t\t\t\treturn numbers[0];\r\n\t\t\t}\r\n\t\t\treturn 99;\r\n\t\t},\r\n\t \r\n\t\r\n\t\t\"cheval-order-asc\": function ( a, b ) {\r\n\t\t\treturn a < b;\r\n\t\t},\r\n\t \r\n\t\t\"cheval-order-desc\": function ( a, b ) {\r\n\t\t\treturn a > b;\r\n\t\t}\r\n\t} );\r\n    jQuery('#rapports_partants').DataTable( {\r\n\t\tresponsive: true,\r\n        \"language\": {\r\n            \"url\": \"\/\/cdn.datatables.net\/plug-ins\/9dcbecd42ad\/i18n\/French.json\"\r\n        },\r\n\t\t\t\t \"lengthChange\":\tfalse,\r\n\t\t \"searching\": \t\tfalse,\r\n\t\t \"info\":\t\t\tfalse,\r\n\t\t \"paging\":\t\t\tfalse\r\n    } );\r\n} );\r\n<\/script>\r\n\t\t\t<h2 class=\"headline\">Partants<\/h2>\r\n\t\t    <table id=\"rapports_partants\" class=\"table table-striped table-bordered\" cellspacing=\"0\" width=\"100%\">\r\n        <thead>\r\n        <tr>\r\n            \t\t\t\t                <th>Num<\/th>\r\n                <th>Nom<\/th>\r\n                <th>Jockey<\/th>\r\n                <th>Musique<\/th>\r\n                        <\/tr>\r\n        <\/thead>\r\n\r\n        <tbody>\r\n        <tr><td><b>1<\/b><\/td><td><b><span class=\"partantsClick\" data-cid=\"348843\">Shalazi<\/span><\/b><\/td><td>M.barzalona<\/td><td><span class=\"partantsClick\" data-cid=\"348843\">3p(25)2p<\/span><\/td><\/tr><tr><td><b>2<\/b><\/td><td><b><span class=\"partantsClick\" data-cid=\"357353\">The Odyssey<\/span><\/b><\/td><td>C.lecoeuvre<\/td><td><span class=\"partantsClick\" data-cid=\"357353\">7p<\/span><\/td><\/tr><tr><td><b>3<\/b><\/td><td><b><span class=\"partantsClick\" data-cid=\"358216\">Roman Boy<\/span><\/b><\/td><td>E.corallo<\/td><td><span class=\"partantsClick\" data-cid=\"358216\">8p<\/span><\/td><\/tr><tr><td><b>4<\/b><\/td><td><b><span class=\"partantsClick\" data-cid=\"356822\">Triple Sept<\/span><\/b><\/td><td>M.grandin<\/td><td><span class=\"partantsClick\" data-cid=\"356822\">9p<\/span><\/td><\/tr><tr><td><b>5<\/b><\/td><td><b><span class=\"partantsClick\" data-cid=\"357357\">Masaro<\/span><\/b><\/td><td>A.madamet<\/td><td><span class=\"partantsClick\" data-cid=\"357357\">2p<\/span><\/td><\/tr><tr><td><b>6<\/b><\/td><td><b><span class=\"partantsClick\" data-cid=\"349071\">Zarland<\/span><\/b><\/td><td>T.bachelot<\/td><td><span class=\"partantsClick\" data-cid=\"349071\">5p3p(25)3p<\/span><\/td><\/tr><tr><td><b>7<\/b><\/td><td><b><span class=\"partantsClick\" data-cid=\"344702\">Roi De La Liberte<\/span><\/b><\/td><td>A.pouchin<\/td><td><span class=\"partantsClick\" data-cid=\"344702\">4p(25)2p2p<\/span><\/td><\/tr><tr><td><b>8<\/b><\/td><td><b><span class=\"partantsClick\" data-cid=\"358218\">Noble Memory<\/span><\/b><\/td><td>C.demuro<\/td><td><span class=\"partantsClick\" data-cid=\"358218\">7p<\/span><\/td><\/tr><tr><td><b>9<\/b><\/td><td><b><span class=\"partantsClick\" data-cid=\"357358\">Makan<\/span><\/b><\/td><td>C.soumillon<\/td><td><span class=\"partantsClick\" data-cid=\"357358\">3p<\/span><\/td><\/tr>        <\/tbody>\r\n\r\n    <\/table>\r\n\r\n        <ul class=\"paginate pag3 clearfix\" style=\"left: 0%\">\t\t\t<div class=\"rapports\">\r\n\t\t\t\t<\/div>\t\r\n\t<\/div>\r\n<\/div> Les rapports des courses PMU sont indiqu\u00e9s \u00e0 titre indicatif, il convient de v\u00e9rifier sur le site officiel du PMU. Nous avons d\u00e9cid\u00e9 de n&rsquo;indiquer que les rapports de l&rsquo;op\u00e9rateur historique en France, il existe d&rsquo;autres op\u00e9rateurs de prises de paris, si vous jouez chez eux il vous suffit [&hellip;]<\/p>\n","protected":false},"author":1,"featured_media":0,"parent":0,"menu_order":0,"comment_status":"open","ping_status":"open","template":"","meta":{"_et_pb_use_builder":"on","_et_pb_old_content":"","_et_gb_content_width":"","footnotes":""},"class_list":["post-18","page","type-page","status-publish","hentry"],"yoast_head":"<!-- This site is optimized with the Yoast SEO plugin v19.6.1 - https:\/\/yoast.com\/wordpress\/plugins\/seo\/ -->\n<title>Arriv\u00e9es et rapports -<\/title>\n<meta name=\"robots\" content=\"index, follow, max-snippet:-1, max-image-preview:large, max-video-preview:-1\" \/>\n<link rel=\"canonical\" href=\"https:\/\/chutt.fr\/index.php\/arrivees-et-rapports\/\" \/>\n<meta property=\"og:locale\" content=\"fr_FR\" \/>\n<meta property=\"og:type\" content=\"article\" \/>\n<meta property=\"og:title\" content=\"Arriv\u00e9es et rapports -\" \/>\n<meta property=\"og:description\" content=\"Rapports Les rapports des courses PMU sont indiqu\u00e9s \u00e0 titre indicatif, il convient de v\u00e9rifier sur le site officiel du PMU. Nous avons d\u00e9cid\u00e9 de n&#039;indiquer que les rapports de l&#039;op\u00e9rateur historique en France, il existe d&#039;autres op\u00e9rateurs de prises de paris, si vous jouez chez eux il vous suffit [&hellip;]\" \/>\n<meta property=\"og:url\" content=\"https:\/\/chutt.fr\/index.php\/arrivees-et-rapports\/\" \/>\n<meta property=\"article:modified_time\" content=\"2020-11-07T03:54:11+00:00\" \/>\n<meta name=\"twitter:card\" content=\"summary_large_image\" \/>\n<meta name=\"twitter:label1\" content=\"Dur\u00e9e de lecture estim\u00e9e\" \/>\n\t<meta name=\"twitter:data1\" content=\"2 minutes\" \/>\n<script type=\"application\/ld+json\" class=\"yoast-schema-graph\">{\"@context\":\"https:\/\/schema.org\",\"@graph\":[{\"@type\":\"WebPage\",\"@id\":\"https:\/\/chutt.fr\/index.php\/arrivees-et-rapports\/\",\"url\":\"https:\/\/chutt.fr\/index.php\/arrivees-et-rapports\/\",\"name\":\"Arriv\u00e9es et rapports -\",\"isPartOf\":{\"@id\":\"https:\/\/chutt.fr\/#website\"},\"datePublished\":\"2015-08-15T14:10:29+00:00\",\"dateModified\":\"2020-11-07T03:54:11+00:00\",\"breadcrumb\":{\"@id\":\"https:\/\/chutt.fr\/index.php\/arrivees-et-rapports\/#breadcrumb\"},\"inLanguage\":\"fr-FR\",\"potentialAction\":[{\"@type\":\"ReadAction\",\"target\":[\"https:\/\/chutt.fr\/index.php\/arrivees-et-rapports\/\"]}]},{\"@type\":\"BreadcrumbList\",\"@id\":\"https:\/\/chutt.fr\/index.php\/arrivees-et-rapports\/#breadcrumb\",\"itemListElement\":[{\"@type\":\"ListItem\",\"position\":1,\"name\":\"Accueil\",\"item\":\"https:\/\/chutt.fr\/\"},{\"@type\":\"ListItem\",\"position\":2,\"name\":\"Arriv\u00e9es et rapports\"}]},{\"@type\":\"WebSite\",\"@id\":\"https:\/\/chutt.fr\/#website\",\"url\":\"https:\/\/chutt.fr\/\",\"name\":\"\",\"description\":\"\",\"potentialAction\":[{\"@type\":\"SearchAction\",\"target\":{\"@type\":\"EntryPoint\",\"urlTemplate\":\"https:\/\/chutt.fr\/?s={search_term_string}\"},\"query-input\":\"required name=search_term_string\"}],\"inLanguage\":\"fr-FR\"}]}<\/script>\n<!-- \/ Yoast SEO plugin. -->","yoast_head_json":{"title":"Arriv\u00e9es et rapports -","robots":{"index":"index","follow":"follow","max-snippet":"max-snippet:-1","max-image-preview":"max-image-preview:large","max-video-preview":"max-video-preview:-1"},"canonical":"https:\/\/chutt.fr\/index.php\/arrivees-et-rapports\/","og_locale":"fr_FR","og_type":"article","og_title":"Arriv\u00e9es et rapports -","og_description":"Rapports Les rapports des courses PMU sont indiqu\u00e9s \u00e0 titre indicatif, il convient de v\u00e9rifier sur le site officiel du PMU. Nous avons d\u00e9cid\u00e9 de n'indiquer que les rapports de l'op\u00e9rateur historique en France, il existe d'autres op\u00e9rateurs de prises de paris, si vous jouez chez eux il vous suffit [&hellip;]","og_url":"https:\/\/chutt.fr\/index.php\/arrivees-et-rapports\/","article_modified_time":"2020-11-07T03:54:11+00:00","twitter_card":"summary_large_image","twitter_misc":{"Dur\u00e9e de lecture estim\u00e9e":"2 minutes"},"schema":{"@context":"https:\/\/schema.org","@graph":[{"@type":"WebPage","@id":"https:\/\/chutt.fr\/index.php\/arrivees-et-rapports\/","url":"https:\/\/chutt.fr\/index.php\/arrivees-et-rapports\/","name":"Arriv\u00e9es et rapports -","isPartOf":{"@id":"https:\/\/chutt.fr\/#website"},"datePublished":"2015-08-15T14:10:29+00:00","dateModified":"2020-11-07T03:54:11+00:00","breadcrumb":{"@id":"https:\/\/chutt.fr\/index.php\/arrivees-et-rapports\/#breadcrumb"},"inLanguage":"fr-FR","potentialAction":[{"@type":"ReadAction","target":["https:\/\/chutt.fr\/index.php\/arrivees-et-rapports\/"]}]},{"@type":"BreadcrumbList","@id":"https:\/\/chutt.fr\/index.php\/arrivees-et-rapports\/#breadcrumb","itemListElement":[{"@type":"ListItem","position":1,"name":"Accueil","item":"https:\/\/chutt.fr\/"},{"@type":"ListItem","position":2,"name":"Arriv\u00e9es et rapports"}]},{"@type":"WebSite","@id":"https:\/\/chutt.fr\/#website","url":"https:\/\/chutt.fr\/","name":"","description":"","potentialAction":[{"@type":"SearchAction","target":{"@type":"EntryPoint","urlTemplate":"https:\/\/chutt.fr\/?s={search_term_string}"},"query-input":"required name=search_term_string"}],"inLanguage":"fr-FR"}]}},"post_mailing_queue_ids":[],"_links":{"self":[{"href":"https:\/\/chutt.fr\/index.php\/wp-json\/wp\/v2\/pages\/18","targetHints":{"allow":["GET"]}}],"collection":[{"href":"https:\/\/chutt.fr\/index.php\/wp-json\/wp\/v2\/pages"}],"about":[{"href":"https:\/\/chutt.fr\/index.php\/wp-json\/wp\/v2\/types\/page"}],"author":[{"embeddable":true,"href":"https:\/\/chutt.fr\/index.php\/wp-json\/wp\/v2\/users\/1"}],"replies":[{"embeddable":true,"href":"https:\/\/chutt.fr\/index.php\/wp-json\/wp\/v2\/comments?post=18"}],"version-history":[{"count":8,"href":"https:\/\/chutt.fr\/index.php\/wp-json\/wp\/v2\/pages\/18\/revisions"}],"predecessor-version":[{"id":44105,"href":"https:\/\/chutt.fr\/index.php\/wp-json\/wp\/v2\/pages\/18\/revisions\/44105"}],"wp:attachment":[{"href":"https:\/\/chutt.fr\/index.php\/wp-json\/wp\/v2\/media?parent=18"}],"curies":[{"name":"wp","href":"https:\/\/api.w.org\/{rel}","templated":true}]}}