{"id":146,"date":"2018-12-17T06:13:16","date_gmt":"2018-12-17T05:13:16","guid":{"rendered":"https:\/\/1-10-courses.fr\/?page_id=146"},"modified":"2022-02-18T22:43:07","modified_gmt":"2022-02-18T22:43:07","slug":"methode-calcul","status":"publish","type":"page","link":"https:\/\/chutt.fr\/index.php\/methodes-jeux\/methode-calcul\/","title":{"rendered":"M\u00e9thodes de jeux Calcul"},"content":{"rendered":"<p>[et_pb_section bb_built=\u00a0\u00bb1&Prime; _builder_version=\u00a0\u00bb3.20.2&Prime; custom_padding=\u00a0\u00bb0px|||\u00a0\u00bb][et_pb_row _builder_version=\u00a0\u00bb3.20.2&Prime;][et_pb_column type=\u00a0\u00bb4_4&Prime;][et_pb_text _builder_version=\u00a0\u00bb3.20.2&Prime;]<\/p>\n<h1>M\u00e9thode Quint\u00e9<\/h1>\n<p>[\/et_pb_text][\/et_pb_column][\/et_pb_row][et_pb_row][et_pb_column type=\u00a0\u00bb3_4&Prime;][et_pb_text admin_label=\u00a0\u00bbtableau\u00a0\u00bb _builder_version=\u00a0\u00bb3.20.2&Prime; saved_tabs=\u00a0\u00bball\u00a0\u00bb]<\/p>\n\r\n<div id=\"methode-calcul\">\r\n        <h2>Jeu Quart\u00e9<\/h2>\r\n<div class=\"methode-info\">\r\n        <p> Base : <b>Sans base<\/b><\/p>\r\n         <p>M\u00e9thode : <b>Quart\u00e9 PMU 8 Chevaux <b>BONUS 3 Garantie<\/b><\/b><\/p>\r\n<div>\r\n  <form method=\"post\" action=\"\/index.php\/methodes-jeux\/methode-calcul\/\">\r\n                Autres m\u00e9thodes :\r\n                <select name=\"methode\">\r\n                    <option value=\"1\" selected=\"selected\">M\u00e9thode Quart\u00e9 Sans base Quart\u00e9 PMU 8 Chevaux BONUS 3 Garantie<\/option><option value=\"2\">M\u00e9thode Quart\u00e9 Sans base Quart\u00e9 PMU 9 Chevaux BONUS 3 Garantie<\/option><option value=\"3\">M\u00e9thode Quart\u00e9 Sans base Quart\u00e9 PMU 10 Chevaux BONUS 3 Garantie<\/option><option value=\"4\">M\u00e9thode Quart\u00e9 Sans base Quart\u00e9 PMU 8 Chevaux BONUS 3 Garantie<\/option><option value=\"5\">M\u00e9thode Quart\u00e9 Sans base Quart\u00e9 PMU 9 Chevaux BONUS 3 Garantie<\/option><option value=\"6\">M\u00e9thode Quart\u00e9 Sans base Quart\u00e9 PMU 10 Chevaux BONUS 3 Garantie<\/option><option value=\"7\">M\u00e9thode Quart\u00e9 Sans base Quart\u00e9 PMU 11 Chevaux BONUS 3 Garantie<\/option><option value=\"8\">M\u00e9thode Quart\u00e9 Sans base Quart\u00e9 PMU 12 Chevaux BONUS 3 Garantie<\/option><option value=\"9\">M\u00e9thode Quart\u00e9 Sans base Quart\u00e9 PMU 13 Chevaux BONUS 3 Garantie<\/option><option value=\"10\">M\u00e9thode Quart\u00e9 Sans base Quart\u00e9 PMU 8 Chevaux BONUS 3 Garantie<\/option><option value=\"11\">M\u00e9thode Quart\u00e9 Sans base Quart\u00e9 PMU 9 Chevaux BONUS 3 Garantie<\/option><option value=\"12\">M\u00e9thode Quart\u00e9 Sans base Quart\u00e9 PMU 10 Chevaux BONUS 3 Garantie<\/option><option value=\"13\">M\u00e9thode Quart\u00e9 Sans base Quart\u00e9 PMU 11 Chevaux BONUS 3 Garantie<\/option><option value=\"14\">M\u00e9thode Quart\u00e9 Sans base Quart\u00e9 PMU 12 Chevaux BONUS 3 Garantie<\/option><option value=\"15\">M\u00e9thode Quart\u00e9 Sans base Quart\u00e9 PMU 13 Chevaux BONUS 3 Garantie<\/option><option value=\"16\">M\u00e9thode Quint\u00e9 Sans base Quint\u00e9 PMU 8 Chevaux BONUS 4 Garantie<\/option><option value=\"17\">M\u00e9thode Quint\u00e9 Sans base Quint\u00e9 PMU 8 Chevaux BONUS 3 Garantie<\/option><option value=\"18\">M\u00e9thode Quint\u00e9 Sans base Quint\u00e9 PMU 9 Chevaux BONUS 4 Garantie<\/option><option value=\"19\">M\u00e9thode Quint\u00e9 Sans base Quint\u00e9 PMU 9 Chevaux BONUS 3 Garantie<\/option><option value=\"20\">M\u00e9thode Quint\u00e9 Sans base Quint\u00e9 PMU 10 Chevaux BONUS 4 Garantie<\/option><option value=\"21\">M\u00e9thode Quint\u00e9 Sans base Quint\u00e9 PMU 10 Chevaux BONUS 3 Garantie<\/option><option value=\"22\">M\u00e9thode Quint\u00e9 Sans base Quint\u00e9 PMU 11 Chevaux BONUS 3 Garantie<\/option><option value=\"23\">M\u00e9thode Quint\u00e9 Sans base Quint\u00e9 PMU 12 Chevaux BONUS 3 Garantie<\/option><option value=\"24\">M\u00e9thode Quint\u00e9 Sans base Quint\u00e9 PMU 13 Chevaux BONUS 3 Garantie<\/option><option value=\"25\">M\u00e9thode Quint\u00e9 Sans base Quint\u00e9 PMU 8 Chevaux BONUS 4 Garantie<\/option><option value=\"26\">M\u00e9thode Quint\u00e9 Sans base Quint\u00e9 PMU 8 Chevaux BONUS 3 Garantie<\/option><option value=\"27\">M\u00e9thode Quint\u00e9 Sans base Quint\u00e9 PMU 9 Chevaux BONUS 4 Garantie<\/option><option value=\"28\">M\u00e9thode Quint\u00e9 Sans base Quint\u00e9 PMU 9 Chevaux BONUS 3 Garantie<\/option><option value=\"29\">M\u00e9thode Quint\u00e9 Sans base Quint\u00e9 PMU 10 Chevaux BONUS 4 Garantie<\/option><option value=\"30\">M\u00e9thode Quint\u00e9 Sans base Quint\u00e9 PMU 10 Chevaux BONUS 3 Garantie<\/option><option value=\"31\">M\u00e9thode Quint\u00e9 Sans base Quint\u00e9 PMU 11 Chevaux BONUS 4 Garantie<\/option><option value=\"32\">M\u00e9thode Quint\u00e9 Sans base Quint\u00e9 PMU 11 Chevaux BONUS 3 Garantie<\/option><option value=\"33\">M\u00e9thode Quint\u00e9 Sans base Quint\u00e9 PMU 12 Chevaux Bonus 4 Garantie<\/option><option value=\"34\">M\u00e9thode Quint\u00e9 Sans base Quint\u00e9 PMU 12 Chevaux Bonus 3 Garantie<\/option><option value=\"35\">M\u00e9thode Quint\u00e9 Sans base Quint\u00e9 PMU 13 Chevaux BONUS 4 Garantie<\/option><option value=\"36\">M\u00e9thode Quint\u00e9 Sans base Quint\u00e9 PMU 13 Chevaux BONUS 3 Garantie<\/option><option value=\"37\">M\u00e9thode Quint\u00e9 Sans base Quint\u00e9 PMU 8 Chevaux BONUS 4 Garantie<\/option><option value=\"38\">M\u00e9thode Quint\u00e9 Sans base Quint\u00e9 PMU 8 Chevaux BONUS 3 Garantie<\/option><option value=\"39\">M\u00e9thode Quint\u00e9 Sans base Quint\u00e9 PMU 9 Chevaux BONUS 4 Garantie<\/option><option value=\"40\">M\u00e9thode Quint\u00e9 Sans base Quint\u00e9 PMU 9 Chevaux BONUS 3 Garantie<\/option><option value=\"41\">M\u00e9thode Quint\u00e9 Sans base Quint\u00e9 PMU 10 Chevaux BONUS 4 Garantie<\/option><option value=\"42\">M\u00e9thode Quint\u00e9 Sans base Quint\u00e9 PMU 10 Chevaux BONUS 3 Garantie<\/option><option value=\"43\">M\u00e9thode Quint\u00e9 Sans base Quint\u00e9 PMU 11 Chevaux BONUS 4 Garantie<\/option><option value=\"44\">M\u00e9thode Quint\u00e9 Sans base Quint\u00e9 PMU 11 Chevaux BONUS 3 Garantie<\/option><option value=\"45\">M\u00e9thode Quint\u00e9 Sans base Quint\u00e9 PMU 12 Chevaux BONUS 4 Garantie<\/option><option value=\"46\">M\u00e9thode Quint\u00e9 Sans base Quint\u00e9 PMU 12 Chevaux BONUS 3 Garantie<\/option><option value=\"47\">M\u00e9thode Quint\u00e9 Sans base Quint\u00e9 PMU 13 Chevaux BONUS 4 Garantie<\/option><option value=\"48\">M\u00e9thode Quint\u00e9 Sans base Quint\u00e9 PMU 13 Chevaux BONUS 3 Garantie<\/option>                <\/select>\r\n<\/div>\r\n<\/div>\r\n\r\n<div class=\"wrapper-number\">\r\n<span>Cheval 1 \u00e0 8 : <\/span>\r\n    <div>                        <input class=\"number-horse\" type=\"number\" name=\"c1\" size=\"2\"\/>\r\n                                                <input class=\"number-horse\" type=\"number\" name=\"c2\" size=\"2\"\/>\r\n                                                <input class=\"number-horse\" type=\"number\" name=\"c3\" size=\"2\"\/>\r\n                                                <input class=\"number-horse\" type=\"number\" name=\"c4\" size=\"2\"\/>\r\n                                                <input class=\"number-horse\" type=\"number\" name=\"c5\" size=\"2\"\/>\r\n                                                <input class=\"number-horse\" type=\"number\" name=\"c6\" size=\"2\"\/>\r\n                                                <input class=\"number-horse\" type=\"number\" name=\"c7\" size=\"2\"\/>\r\n                                                <input class=\"number-horse\" type=\"number\" name=\"c8\" size=\"2\"\/>\r\n                        <\/div>\r\n\r\n\r\n<span> Cheval 9 \u00e0 13 : <\/span>\r\n<div>                    <input class=\"number-horse\" type=\"number\" name=\"c9\" size=\"2\" \/>\r\n                                        <input class=\"number-horse\" type=\"number\" name=\"c10\" size=\"2\" \/>\r\n                                        <input class=\"number-horse\" type=\"number\" name=\"c11\" size=\"2\" \/>\r\n                                        <input class=\"number-horse\" type=\"number\" name=\"c12\" size=\"2\" \/>\r\n                                        <input class=\"number-horse\" type=\"number\" name=\"c13\" size=\"2\" \/>\r\n                     \r\n<\/div>\r\n\r\n<input class=\"button\" type=\"submit\" value=\"Calculer les tickets de jeu\" \/><\/form>\r\n<\/div>\r\n\r\n\r\n<div class=\"wrapper-result\">\r\n                <h3>R\u00e9sultat : <\/h3>\r\n<p>Copiez la m\u00e9thode pour jouer vos tickets PMU !<\/p>\r\n                <textarea cols=\"40\" rows=\"20\" placeholder=\"Veuillez saisir votre pronostic pmu dans le tableau ci-dessus et cliquer sur le bouton Calculer pour obtenir la m\u00e9thode pmu et vos tickets pmu \u00e0 jouer...\"><\/textarea>\r\n<\/div>\r\n    <\/div>\r\n<\/div><!--main -->\n<div>\n<p>[\/et_pb_text][\/et_pb_column][et_pb_column type=\u00a0\u00bb1_4&Prime;][et_pb_text admin_label=\u00a0\u00bbpub1&Prime; _builder_version=\u00a0\u00bb3.20.2&Prime; saved_tabs=\u00a0\u00bball\u00a0\u00bb global_module=\u00a0\u00bb43724&Prime;]<\/p>\n<p><img loading=\"lazy\" decoding=\"async\" class=\"alignnone size-full wp-image-207 aligncenter\" src=\"https:\/\/1-10-courses.fr\/wp-content\/uploads\/2019\/03\/banniere-pub.jpg\" alt=\"\" width=\"300\" height=\"250\" \/><\/p>\n<p>[\/et_pb_text][et_pb_text admin_label=\u00a0\u00bbpub2&Prime; _builder_version=\u00a0\u00bb3.20.2&Prime; saved_tabs=\u00a0\u00bball\u00a0\u00bb global_module=\u00a0\u00bb43727&Prime;]<\/p>\n<p><img loading=\"lazy\" decoding=\"async\" class=\"alignnone size-full wp-image-207 aligncenter\" src=\"https:\/\/1-10-courses.fr\/wp-content\/uploads\/2019\/03\/banniere-pub.jpg\" alt=\"\" width=\"300\" height=\"250\" \/><\/p>\n<p>[\/et_pb_text][et_pb_text admin_label=\u00a0\u00bbpub3&Prime; _builder_version=\u00a0\u00bb3.20.2&Prime; saved_tabs=\u00a0\u00bball\u00a0\u00bb global_module=\u00a0\u00bb43728&Prime;]<\/p>\n<p><img loading=\"lazy\" decoding=\"async\" class=\"alignnone size-full wp-image-207 aligncenter\" src=\"https:\/\/1-10-courses.fr\/wp-content\/uploads\/2019\/03\/banniere-pub.jpg\" alt=\"\" width=\"300\" height=\"250\" \/><\/p>\n<p>[\/et_pb_text][\/et_pb_column][\/et_pb_row]<\/p>\n<\/div>\n","protected":false},"excerpt":{"rendered":"<p>M\u00e9thode Quint\u00e9 <div class=\"et_pb_row et_pb_row_0 et_pb_row_empty\">\n\t\t\t\t\n\t\t\t\t\n\t\t\t\t\n\t\t\t\t\n\t\t\t\t\n\t\t\t<\/div> \r\n<div id=\"methode-calcul\">\r\n        <h2>Jeu Quart\u00e9<\/h2>\r\n<div class=\"methode-info\">\r\n        <p> Base : <b>Sans base<\/b><\/p>\r\n         <p>M\u00e9thode : <b>Quart\u00e9 PMU 8 Chevaux <b>BONUS 3 Garantie<\/b><\/b><\/p>\r\n<div>\r\n  <form method=\"post\" action=\"\/index.php\/methodes-jeux\/methode-calcul\/\">\r\n                Autres m\u00e9thodes :\r\n                <select name=\"methode\">\r\n                    <option value=\"1\" selected=\"selected\">M\u00e9thode Quart\u00e9 Sans base Quart\u00e9 PMU 8 Chevaux BONUS 3 Garantie<\/option><option value=\"2\">M\u00e9thode Quart\u00e9 Sans base Quart\u00e9 PMU 9 Chevaux BONUS 3 Garantie<\/option><option value=\"3\">M\u00e9thode Quart\u00e9 Sans base Quart\u00e9 PMU 10 Chevaux BONUS 3 Garantie<\/option><option value=\"4\">M\u00e9thode Quart\u00e9 Sans base Quart\u00e9 PMU 8 Chevaux BONUS 3 Garantie<\/option><option value=\"5\">M\u00e9thode Quart\u00e9 Sans base Quart\u00e9 PMU 9 Chevaux BONUS 3 Garantie<\/option><option value=\"6\">M\u00e9thode Quart\u00e9 Sans base Quart\u00e9 PMU 10 Chevaux BONUS 3 Garantie<\/option><option value=\"7\">M\u00e9thode Quart\u00e9 Sans base Quart\u00e9 PMU 11 Chevaux BONUS 3 Garantie<\/option><option value=\"8\">M\u00e9thode Quart\u00e9 Sans base Quart\u00e9 PMU 12 Chevaux BONUS 3 Garantie<\/option><option value=\"9\">M\u00e9thode Quart\u00e9 Sans base Quart\u00e9 PMU 13 Chevaux BONUS 3 Garantie<\/option><option value=\"10\">M\u00e9thode Quart\u00e9 Sans base Quart\u00e9 PMU 8 Chevaux BONUS 3 Garantie<\/option><option value=\"11\">M\u00e9thode Quart\u00e9 Sans base Quart\u00e9 PMU 9 Chevaux BONUS 3 Garantie<\/option><option value=\"12\">M\u00e9thode Quart\u00e9 Sans base Quart\u00e9 PMU 10 Chevaux BONUS 3 Garantie<\/option><option value=\"13\">M\u00e9thode Quart\u00e9 Sans base Quart\u00e9 PMU 11 Chevaux BONUS 3 Garantie<\/option><option value=\"14\">M\u00e9thode Quart\u00e9 Sans base Quart\u00e9 PMU 12 Chevaux BONUS 3 Garantie<\/option><option value=\"15\">M\u00e9thode Quart\u00e9 Sans base Quart\u00e9 PMU 13 Chevaux BONUS 3 Garantie<\/option><option value=\"16\">M\u00e9thode Quint\u00e9 Sans base Quint\u00e9 PMU 8 Chevaux BONUS 4 Garantie<\/option><option value=\"17\">M\u00e9thode Quint\u00e9 Sans base Quint\u00e9 PMU 8 Chevaux BONUS 3 Garantie<\/option><option value=\"18\">M\u00e9thode Quint\u00e9 Sans base Quint\u00e9 PMU 9 Chevaux BONUS 4 Garantie<\/option><option value=\"19\">M\u00e9thode Quint\u00e9 Sans base Quint\u00e9 PMU 9 Chevaux BONUS 3 Garantie<\/option><option value=\"20\">M\u00e9thode Quint\u00e9 Sans base Quint\u00e9 PMU 10 Chevaux BONUS 4 Garantie<\/option><option value=\"21\">M\u00e9thode Quint\u00e9 Sans base Quint\u00e9 PMU 10 Chevaux BONUS 3 Garantie<\/option><option value=\"22\">M\u00e9thode Quint\u00e9 Sans base Quint\u00e9 PMU 11 Chevaux BONUS 3 Garantie<\/option><option value=\"23\">M\u00e9thode Quint\u00e9 Sans base Quint\u00e9 PMU 12 Chevaux BONUS 3 Garantie<\/option><option value=\"24\">M\u00e9thode Quint\u00e9 Sans base Quint\u00e9 PMU 13 Chevaux BONUS 3 Garantie<\/option><option value=\"25\">M\u00e9thode Quint\u00e9 Sans base Quint\u00e9 PMU 8 Chevaux BONUS 4 Garantie<\/option><option value=\"26\">M\u00e9thode Quint\u00e9 Sans base Quint\u00e9 PMU 8 Chevaux BONUS 3 Garantie<\/option><option value=\"27\">M\u00e9thode Quint\u00e9 Sans base Quint\u00e9 PMU 9 Chevaux BONUS 4 Garantie<\/option><option value=\"28\">M\u00e9thode Quint\u00e9 Sans base Quint\u00e9 PMU 9 Chevaux BONUS 3 Garantie<\/option><option value=\"29\">M\u00e9thode Quint\u00e9 Sans base Quint\u00e9 PMU 10 Chevaux BONUS 4 Garantie<\/option><option value=\"30\">M\u00e9thode Quint\u00e9 Sans base Quint\u00e9 PMU 10 Chevaux BONUS 3 Garantie<\/option><option value=\"31\">M\u00e9thode Quint\u00e9 Sans base Quint\u00e9 PMU 11 Chevaux BONUS 4 Garantie<\/option><option value=\"32\">M\u00e9thode Quint\u00e9 Sans base Quint\u00e9 PMU 11 Chevaux BONUS 3 Garantie<\/option><option value=\"33\">M\u00e9thode Quint\u00e9 Sans base Quint\u00e9 PMU 12 Chevaux Bonus 4 Garantie<\/option><option value=\"34\">M\u00e9thode Quint\u00e9 Sans base Quint\u00e9 PMU 12 Chevaux Bonus 3 Garantie<\/option><option value=\"35\">M\u00e9thode Quint\u00e9 Sans base Quint\u00e9 PMU 13 Chevaux BONUS 4 Garantie<\/option><option value=\"36\">M\u00e9thode Quint\u00e9 Sans base Quint\u00e9 PMU 13 Chevaux BONUS 3 Garantie<\/option><option value=\"37\">M\u00e9thode Quint\u00e9 Sans base Quint\u00e9 PMU 8 Chevaux BONUS 4 Garantie<\/option><option value=\"38\">M\u00e9thode Quint\u00e9 Sans base Quint\u00e9 PMU 8 Chevaux BONUS 3 Garantie<\/option><option value=\"39\">M\u00e9thode Quint\u00e9 Sans base Quint\u00e9 PMU 9 Chevaux BONUS 4 Garantie<\/option><option value=\"40\">M\u00e9thode Quint\u00e9 Sans base Quint\u00e9 PMU 9 Chevaux BONUS 3 Garantie<\/option><option value=\"41\">M\u00e9thode Quint\u00e9 Sans base Quint\u00e9 PMU 10 Chevaux BONUS 4 Garantie<\/option><option value=\"42\">M\u00e9thode Quint\u00e9 Sans base Quint\u00e9 PMU 10 Chevaux BONUS 3 Garantie<\/option><option value=\"43\">M\u00e9thode Quint\u00e9 Sans base Quint\u00e9 PMU 11 Chevaux BONUS 4 Garantie<\/option><option value=\"44\">M\u00e9thode Quint\u00e9 Sans base Quint\u00e9 PMU 11 Chevaux BONUS 3 Garantie<\/option><option value=\"45\">M\u00e9thode Quint\u00e9 Sans base Quint\u00e9 PMU 12 Chevaux BONUS 4 Garantie<\/option><option value=\"46\">M\u00e9thode Quint\u00e9 Sans base Quint\u00e9 PMU 12 Chevaux BONUS 3 Garantie<\/option><option value=\"47\">M\u00e9thode Quint\u00e9 Sans base Quint\u00e9 PMU 13 Chevaux BONUS 4 Garantie<\/option><option value=\"48\">M\u00e9thode Quint\u00e9 Sans base Quint\u00e9 PMU 13 Chevaux BONUS 3 Garantie<\/option>                <\/select>\r\n<\/div>\r\n<\/div>\r\n\r\n<div class=\"wrapper-number\">\r\n<span>Cheval 1 \u00e0 8 : <\/span>\r\n    <div>                        <input class=\"number-horse\" type=\"number\" name=\"c1\" size=\"2\"\/>\r\n                                                <input class=\"number-horse\" type=\"number\" name=\"c2\" size=\"2\"\/>\r\n                                                <input class=\"number-horse\" type=\"number\" name=\"c3\" size=\"2\"\/>\r\n                                                <input class=\"number-horse\" type=\"number\" name=\"c4\" size=\"2\"\/>\r\n                                                <input class=\"number-horse\" type=\"number\" name=\"c5\" size=\"2\"\/>\r\n                                                <input class=\"number-horse\" type=\"number\" name=\"c6\" size=\"2\"\/>\r\n                                                <input class=\"number-horse\" type=\"number\" name=\"c7\" size=\"2\"\/>\r\n                                                <input class=\"number-horse\" type=\"number\" name=\"c8\" size=\"2\"\/>\r\n                        <\/div>\r\n\r\n\r\n<span> Cheval 9 \u00e0 13 : <\/span>\r\n<div>                    <input class=\"number-horse\" type=\"number\" name=\"c9\" size=\"2\" \/>\r\n                                        <input class=\"number-horse\" type=\"number\" name=\"c10\" size=\"2\" \/>\r\n                                        <input class=\"number-horse\" type=\"number\" name=\"c11\" size=\"2\" \/>\r\n                                        <input class=\"number-horse\" type=\"number\" name=\"c12\" size=\"2\" \/>\r\n                                        <input class=\"number-horse\" type=\"number\" name=\"c13\" size=\"2\" \/>\r\n                     \r\n<\/div>\r\n\r\n<input class=\"button\" type=\"submit\" value=\"Calculer les tickets de jeu\" \/><\/form>\r\n<\/div>\r\n\r\n\r\n<div class=\"wrapper-result\">\r\n                <h3>R\u00e9sultat : <\/h3>\r\n<p>Copiez la m\u00e9thode pour jouer vos tickets PMU !<\/p>\r\n                <textarea cols=\"40\" rows=\"20\" placeholder=\"Veuillez saisir votre pronostic pmu dans le tableau ci-dessus et cliquer sur le bouton Calculer pour obtenir la m\u00e9thode pmu et vos tickets pmu \u00e0 jouer...\"><\/textarea>\r\n<\/div>\r\n    <\/div>\r\n<\/div><!--main --><\/p>\n","protected":false},"author":1,"featured_media":0,"parent":12,"menu_order":0,"comment_status":"closed","ping_status":"closed","template":"","meta":{"_et_pb_use_builder":"on","_et_pb_old_content":"","_et_gb_content_width":"","footnotes":""},"class_list":["post-146","page","type-page","status-publish","hentry"],"yoast_head":"<!-- This site is optimized with the Yoast SEO plugin v19.6.1 - https:\/\/yoast.com\/wordpress\/plugins\/seo\/ -->\n<title>M\u00e9thodes de jeux Calcul -<\/title>\n<meta name=\"robots\" content=\"index, follow, max-snippet:-1, max-image-preview:large, max-video-preview:-1\" \/>\n<link rel=\"canonical\" href=\"https:\/\/chutt.fr\/index.php\/methodes-jeux\/methode-calcul\/\" \/>\n<meta property=\"og:locale\" content=\"fr_FR\" \/>\n<meta property=\"og:type\" content=\"article\" \/>\n<meta property=\"og:title\" content=\"M\u00e9thodes de jeux Calcul -\" \/>\n<meta property=\"og:description\" content=\"M\u00e9thode Quint\u00e9\" \/>\n<meta property=\"og:url\" content=\"https:\/\/chutt.fr\/index.php\/methodes-jeux\/methode-calcul\/\" \/>\n<meta property=\"article:modified_time\" content=\"2022-02-18T22:43:07+00:00\" \/>\n<meta property=\"og:image\" content=\"https:\/\/1-10-courses.fr\/wp-content\/uploads\/2019\/03\/banniere-pub.jpg\" \/>\n<meta name=\"twitter:card\" content=\"summary_large_image\" \/>\n<meta name=\"twitter:label1\" content=\"Dur\u00e9e de lecture estim\u00e9e\" \/>\n\t<meta name=\"twitter:data1\" content=\"1 minute\" \/>\n<script type=\"application\/ld+json\" class=\"yoast-schema-graph\">{\"@context\":\"https:\/\/schema.org\",\"@graph\":[{\"@type\":\"WebPage\",\"@id\":\"https:\/\/chutt.fr\/index.php\/methodes-jeux\/methode-calcul\/\",\"url\":\"https:\/\/chutt.fr\/index.php\/methodes-jeux\/methode-calcul\/\",\"name\":\"M\u00e9thodes de jeux Calcul -\",\"isPartOf\":{\"@id\":\"https:\/\/chutt.fr\/#website\"},\"datePublished\":\"2018-12-17T05:13:16+00:00\",\"dateModified\":\"2022-02-18T22:43:07+00:00\",\"breadcrumb\":{\"@id\":\"https:\/\/chutt.fr\/index.php\/methodes-jeux\/methode-calcul\/#breadcrumb\"},\"inLanguage\":\"fr-FR\",\"potentialAction\":[{\"@type\":\"ReadAction\",\"target\":[\"https:\/\/chutt.fr\/index.php\/methodes-jeux\/methode-calcul\/\"]}]},{\"@type\":\"BreadcrumbList\",\"@id\":\"https:\/\/chutt.fr\/index.php\/methodes-jeux\/methode-calcul\/#breadcrumb\",\"itemListElement\":[{\"@type\":\"ListItem\",\"position\":1,\"name\":\"Accueil\",\"item\":\"https:\/\/chutt.fr\/\"},{\"@type\":\"ListItem\",\"position\":2,\"name\":\"M\u00e9thodes de jeux\",\"item\":\"https:\/\/chutt.fr\/index.php\/methodes-jeux\/\"},{\"@type\":\"ListItem\",\"position\":3,\"name\":\"M\u00e9thodes de jeux Calcul\"}]},{\"@type\":\"WebSite\",\"@id\":\"https:\/\/chutt.fr\/#website\",\"url\":\"https:\/\/chutt.fr\/\",\"name\":\"\",\"description\":\"\",\"potentialAction\":[{\"@type\":\"SearchAction\",\"target\":{\"@type\":\"EntryPoint\",\"urlTemplate\":\"https:\/\/chutt.fr\/?s={search_term_string}\"},\"query-input\":\"required name=search_term_string\"}],\"inLanguage\":\"fr-FR\"}]}<\/script>\n<!-- \/ Yoast SEO plugin. -->","yoast_head_json":{"title":"M\u00e9thodes de jeux Calcul -","robots":{"index":"index","follow":"follow","max-snippet":"max-snippet:-1","max-image-preview":"max-image-preview:large","max-video-preview":"max-video-preview:-1"},"canonical":"https:\/\/chutt.fr\/index.php\/methodes-jeux\/methode-calcul\/","og_locale":"fr_FR","og_type":"article","og_title":"M\u00e9thodes de jeux Calcul -","og_description":"M\u00e9thode Quint\u00e9","og_url":"https:\/\/chutt.fr\/index.php\/methodes-jeux\/methode-calcul\/","article_modified_time":"2022-02-18T22:43:07+00:00","og_image":[{"url":"https:\/\/1-10-courses.fr\/wp-content\/uploads\/2019\/03\/banniere-pub.jpg"}],"twitter_card":"summary_large_image","twitter_misc":{"Dur\u00e9e de lecture estim\u00e9e":"1 minute"},"schema":{"@context":"https:\/\/schema.org","@graph":[{"@type":"WebPage","@id":"https:\/\/chutt.fr\/index.php\/methodes-jeux\/methode-calcul\/","url":"https:\/\/chutt.fr\/index.php\/methodes-jeux\/methode-calcul\/","name":"M\u00e9thodes de jeux Calcul -","isPartOf":{"@id":"https:\/\/chutt.fr\/#website"},"datePublished":"2018-12-17T05:13:16+00:00","dateModified":"2022-02-18T22:43:07+00:00","breadcrumb":{"@id":"https:\/\/chutt.fr\/index.php\/methodes-jeux\/methode-calcul\/#breadcrumb"},"inLanguage":"fr-FR","potentialAction":[{"@type":"ReadAction","target":["https:\/\/chutt.fr\/index.php\/methodes-jeux\/methode-calcul\/"]}]},{"@type":"BreadcrumbList","@id":"https:\/\/chutt.fr\/index.php\/methodes-jeux\/methode-calcul\/#breadcrumb","itemListElement":[{"@type":"ListItem","position":1,"name":"Accueil","item":"https:\/\/chutt.fr\/"},{"@type":"ListItem","position":2,"name":"M\u00e9thodes de jeux","item":"https:\/\/chutt.fr\/index.php\/methodes-jeux\/"},{"@type":"ListItem","position":3,"name":"M\u00e9thodes de jeux Calcul"}]},{"@type":"WebSite","@id":"https:\/\/chutt.fr\/#website","url":"https:\/\/chutt.fr\/","name":"","description":"","potentialAction":[{"@type":"SearchAction","target":{"@type":"EntryPoint","urlTemplate":"https:\/\/chutt.fr\/?s={search_term_string}"},"query-input":"required name=search_term_string"}],"inLanguage":"fr-FR"}]}},"post_mailing_queue_ids":[],"_links":{"self":[{"href":"https:\/\/chutt.fr\/index.php\/wp-json\/wp\/v2\/pages\/146","targetHints":{"allow":["GET"]}}],"collection":[{"href":"https:\/\/chutt.fr\/index.php\/wp-json\/wp\/v2\/pages"}],"about":[{"href":"https:\/\/chutt.fr\/index.php\/wp-json\/wp\/v2\/types\/page"}],"author":[{"embeddable":true,"href":"https:\/\/chutt.fr\/index.php\/wp-json\/wp\/v2\/users\/1"}],"replies":[{"embeddable":true,"href":"https:\/\/chutt.fr\/index.php\/wp-json\/wp\/v2\/comments?post=146"}],"version-history":[{"count":6,"href":"https:\/\/chutt.fr\/index.php\/wp-json\/wp\/v2\/pages\/146\/revisions"}],"predecessor-version":[{"id":43663,"href":"https:\/\/chutt.fr\/index.php\/wp-json\/wp\/v2\/pages\/146\/revisions\/43663"}],"up":[{"embeddable":true,"href":"https:\/\/chutt.fr\/index.php\/wp-json\/wp\/v2\/pages\/12"}],"wp:attachment":[{"href":"https:\/\/chutt.fr\/index.php\/wp-json\/wp\/v2\/media?parent=146"}],"curies":[{"name":"wp","href":"https:\/\/api.w.org\/{rel}","templated":true}]}}